{"id":6,"date":"2022-07-04T21:40:58","date_gmt":"2022-07-04T19:40:58","guid":{"rendered":"http:\/\/domnagorce.eu\/index.php\/mesmerize\/"},"modified":"2025-10-02T21:21:52","modified_gmt":"2025-10-02T19:21:52","slug":"mesmerize","status":"publish","type":"page","link":"https:\/\/domnagorce.eu\/","title":{"rendered":"Front Page"},"content":{"rendered":"<div  data-label=\"quickNavMenu\" data-id=\"overlappable--1\" data-export-id=\"overlappable-4\" data-category=\"overlappable\" class=\"overlappable-4 content-section content-section-spacing\" data-overlap=\"true\" id=\"quicknavmenu\" style=\"background-color: rgb(255, 255, 255);\"><div  class=\"gridContainer\"> <div  data-type=\"row\" class=\"row spaced-cols text-center\"><div  class=\"col-xs-12 col-sm-4 col-padding\"> <a  data-cp-link=\"1\" href=\"https:\/\/maps.app.goo.gl\/j128v5SzKLqxuwAbA\" target=\"_self\" class=\"\"><i  class=\"fa icon shadow-large-black aligncenter color1 fa-map-signs reverse round large\"><\/i><\/a> <div  data-type=\"column\" class=\"\"> <h5  class=\"\">Jak dojecha\u0107?<\/h5> <\/div> <\/div> <div  class=\"col-xs-12 col-sm-4 col-padding\"> <a  data-cp-link=\"1\" href=\"https:\/\/domnagorce.eu\/index.php\/regulamin\" target=\"_self\"><i  class=\"fa icon shadow-large-black aligncenter color1 fa-file-text reverse round large\"><\/i><\/a> <div  data-type=\"column\" class=\"\"><h5  class=\"\">Regulamin<\/h5> <\/div> <\/div> <div  class=\"col-xs-12 col-sm-4 col-padding\"> <a  data-cp-link=\"1\" href=\"https:\/\/domnagorce.eu\/index.php\/galeria\" target=\"_self\"><i  class=\"fa icon shadow-large-black aligncenter color1 fa-photo reverse round large\"><\/i><\/a> <div  data-type=\"column\" class=\"\"><h5  class=\"\">Galeria<\/h5> <\/div> <\/div><\/div> <\/div><\/div><div  data-label=\"about\" data-id=\"about--1\" data-export-id=\"about-1\" data-category=\"about\" class=\"about-1 content-section\" id=\"about\" style=\"background-color: rgb(245, 250, 253);\"><div  class=\"gridContainer\"> <div  class=\"row text-center\"><div  class=\"section-title-col\" data-type=\"column\">  <h2  class=\"\">DOM NA G\u00d3RCE<\/h2> <h2  class=\"\">U nas jest z g\u00f3rki!<\/h2><p  class=\"lead\">\u201eDom na g\u00f3rce\u201d \u2013 jak sama nazwa wskazuje \u2013 znajduje si\u0119<br >na wzniesieniu, w\u015br\u00f3d \u0142\u0105k i las\u00f3w, z dala od g\u0142\u00f3wnej, ruchliwej DK 49.<br >Prowadzi do niego utrzymywana w dobrym stanie droga. Okolicaoferuje bardzo liczne atrakcje \u2013 zar\u00f3wno<br >w okresie letnim, jak i zimowym.<\/p><\/div> <\/div> <div  class=\"row\"> <div  class=\"button-holder space-bottom space-bottom-small\" data-type=\"column\"> <a  class=\"button color1\" href=\"https:\/\/domnagorce.eu\/index.php\/opinie\" target=\"_self\" data-cp-link=\"1\">Opinie<\/a><\/div> <div  class=\"col-xs bottom-xs flexbox image-group-bottom-3-img space-bottom-xs center-xs\"> <img  decoding=\"async\" class=\"left-img shadow-large-black\" data-size=\"500x300\" src=\"https:\/\/domnagorce.eu\/wp-content\/uploads\/2025\/10\/32.jpg\" title=\"32\" alt=\"\"> <img  decoding=\"async\" class=\"center-img shadow-large-black\" data-size=\"500x300\" src=\"https:\/\/domnagorce.eu\/wp-content\/uploads\/2025\/10\/16.jpg\" title=\"16\" alt=\"\"> <img  decoding=\"async\" class=\"right-img shadow-large-black\" data-size=\"500x300\" src=\"https:\/\/domnagorce.eu\/wp-content\/uploads\/2025\/10\/25.jpg\" title=\"25\" alt=\"\"><\/div> <\/div><\/div> <\/div><div  data-label=\"summerContent\" data-id=\"content--1\" data-export-id=\"content-2\" data-category=\"content\" class=\"content-2 content-section content-section-spacing\" id=\"summercontent\" style=\"background-color: rgb(255, 255, 255);\"><div > <div  class=\"row middle-xs\"><div  class=\"col-sm-5 bg-image shadow-large-black\" data-bg=\"image\" style=\"background-image: url(&quot;https:\/\/domnagorce.eu\/wp-content\/uploads\/2025\/10\/39.jpg&quot;);\"><\/div> <div  class=\"col-sm-7 full-col-left-padding full-col-right-padding\"> <div  class=\"row\"> <div  data-type=\"column\" class=\"space-bottom-small content-title-col\"> <h5  class=\"\">WYPOCZYNEK<\/h5> <h2  class=\"\">Ka\u017cdy znajdzie co\u015b dla siebie zar\u00f3wno latem\u2026<\/h2> <\/div> <\/div> <div  class=\"row spaced-cols \" data-type=\"row\"> <div  class=\"col-xs-6\" data-type=\"column\"> <h5  class=\"\">BASENY TERMALNE<\/h5> <p  class=\"\">Usytuowane w pobliskich miejscowo\u015bciach: Bukowinie Tatrza\u0144skiej, Bia\u0142ce Tatrza\u0144skiej, Szaflarach i Chocho\u0142owie<\/p><\/div> <div  class=\"col-xs-6\" data-type=\"column\"><h5  class=\"\">SPISKA KRAINA<\/h5> <p  class=\"\">Park rozrywki w Niedzicy<\/p><\/div> <div  class=\"col-xs-6\" data-type=\"column\"><h5  class=\"\">SP\u0141YW DUNAJCEM<\/h5> <p  class=\"\">Podziwianie pi\u0119knych widok\u00f3w podczas sp\u0142ywu Prze\u0142omem Dunajca, kt\u00f3ry sw\u00f3j pocz\u0105tek ma w Sromowcach Wy\u017cnych<\/p><\/div> <div  class=\"col-xs-6\" data-type=\"column\"><h5  class=\"\">\u015aCIE\u017bKI ROWEROWE<\/h5> <p  class=\"\">Przemierzenia \u015bcie\u017cek rowerowych na trasie VeloDunajec.<\/p><\/div> <\/div><\/div> <\/div><\/div> <\/div><div  data-label=\"winterContent\" data-id=\"content--2\" data-export-id=\"content-3\" data-category=\"content\" class=\"content-3 content-section content-section-spacing\" id=\"wintercontent-1\" style=\"background-color: rgb(245, 250, 253);\"><div > <div  class=\"row middle-xs\"><div  class=\"col-sm-7 full-col-left-padding full-col-right-padding\"> <div  class=\"row\"><div  data-type=\"column\" class=\"space-bottom-small content-title-col\">  <h2  class=\"\">\u2026 jak i zim\u0105<\/h2> <\/div> <\/div> <div  class=\"row spaced-cols\" data-type=\"row\"> <div  class=\"col-xs-6\" data-type=\"column\"> <h5  class=\"\">Mi\u0142o\u015bnicy bia\u0142ego szale\u0144stwa mog\u0105 skorzysta\u0107 z wyci\u0105g\u00f3w narciarskich:<\/h5> <p  class=\"\">\u2013 Kotelnica Bia\u0142cza\u0144ska (9,2 km),<br >\u2013 Stacja Narciarska Rusi\u0144-ski (8,3 km),<br >\u2013 Wci\u0105g narciarski Ufo (8,2 km).<\/p><\/div> <div  class=\"col-xs-6\" data-type=\"column\"><h5  class=\"\">Oraz bez wzgl\u0119du na por\u0119 roku:<\/h5> <p  class=\"\">\u2013 sklep u Mardu\u0142y 900m<br >\u2013 restauracja Szara G\u00f3ra 900m<br >\u2013 sklep Gama 850m<\/p><\/div>   <\/div><\/div> <div  class=\"col-sm-5 bg-image shadow-large-black revert-classes-holder\" data-bg=\"image\" style=\"background-image: url(&quot;https:\/\/domnagorce.eu\/wp-content\/uploads\/2025\/10\/cropped-330443252_1315860548991494_1507863632813646457_n.jpg&quot;);\"><\/div><\/div> <\/div><\/div><div  data-label=\"offer\" data-id=\"portfolio--1\" data-export-id=\"portfolio-5\" data-category=\"portfolio\" class=\"portfolio-5 content-section content-section-spacing\" id=\"offer\" style=\"background-color: rgb(255, 255, 255);\"><div  class=\"gridContainer\"> <div  class=\"row text-center\"><div  class=\"section-title-col\" data-type=\"column\"> <h2  class=\"\">Oferta<\/h2> <\/div> <\/div> <div  class=\"row space-bottom spaced-cols\" data-type=\"row\"> <div  class=\"col-xs-12 col-sm-4 text-center\"> <div  class=\"card no-padding bordered\"> <div  data-hover-fx=\"portfolio-6\" class=\"contentswap-effect\"> <div  class=\"initial-image\"> <img  decoding=\"async\" data-size=\"500x333\" src=\"https:\/\/domnagorce.eu\/wp-content\/uploads\/2025\/10\/winter.jpg\"><\/div> <div  class=\"overlay bg-color6\"><\/div> <div  class=\"swap-inner col-xs-12\"> <div  class=\"row full-height-row middle-xs middle-sm\"> <div  class=\"col-xs-12 text-center content-holder\"> <a  class=\"button small color2\" href=\"https:\/\/domnagorce.eu\/index.php\/oferta-zimowa\" target=\"_self\" data-cp-link=\"1\">Zobacz Ofert\u0119<\/a><\/div> <\/div><\/div> <\/div> <div  class=\"col-xs-12\"> <div  class=\"space-bottom space-top\" data-type=\"column\"> <h5  class=\"\">OFERTA ZIMOWA<\/h5> <\/div> <\/div><\/div> <\/div> <div  class=\"col-xs-12 col-sm-4 text-center\"> <div  class=\"card no-padding bordered\"> <div  data-hover-fx=\"portfolio-6\" class=\"contentswap-effect\"> <div  class=\"initial-image\"> <img  decoding=\"async\" data-size=\"500x333\" src=\"https:\/\/domnagorce.eu\/wp-content\/uploads\/2025\/10\/summer.jpg\"><\/div> <div  class=\"overlay bg-color6\"><\/div> <div  class=\"swap-inner col-xs-12\"> <div  class=\"row full-height-row middle-xs middle-sm\"> <div  class=\"col-xs-12 text-center content-holder\"> <a  class=\"button small color2\" href=\"https:\/\/domnagorce.eu\/index.php\/oferta-letnia\" target=\"_self\" data-cp-link=\"1\">Zobacz Ofert\u0119<\/a><\/div> <\/div><\/div> <\/div> <div  class=\"col-xs-12\"> <div  class=\"space-bottom space-top\" data-type=\"column\"> <h5  class=\"\">OFERTA LETNIA<\/h5> <\/div> <\/div><\/div> <\/div> <div  class=\"col-xs-12 col-sm-4 text-center\"> <div  class=\"card no-padding bordered\"> <div  data-hover-fx=\"portfolio-6\" class=\"contentswap-effect\"> <div  class=\"initial-image\"> <img  decoding=\"async\" data-size=\"500x333\" src=\"https:\/\/domnagorce.eu\/wp-content\/uploads\/2025\/10\/offseason.jpg\"><\/div> <div  class=\"overlay bg-color6\"><\/div> <div  class=\"swap-inner col-xs-12\"> <div  class=\"row full-height-row middle-xs middle-sm\"> <div  class=\"col-xs-12 text-center content-holder\"> <a  class=\"button small color2\" href=\"https:\/\/domnagorce.eu\/index.php\/oferta-poza-sezonem\" target=\"_self\" data-cp-link=\"1\">Zobacz Ofert\u0119<\/a><\/div> <\/div><\/div> <\/div> <div  class=\"col-xs-12\"> <div  class=\"space-bottom space-top\" data-type=\"column\"> <h5  class=\"\">POZA SEZONEM<\/h5> <\/div> <\/div><\/div> <\/div><\/div> <div  class=\"row\"><div  data-type=\"column\" class=\"col-xs-12 text-center\"> <a  class=\"button color2 y-move\" href=\"https:\/\/domnagorce.eu\/index.php\/rezerwacje\" target=\"_self\" data-cp-link=\"1\">Rezerwacje i warunki<\/a><\/div> <\/div><\/div> <\/div>","protected":false},"excerpt":{"rendered":"<p>Jak dojecha\u0107? Regulamin Galeria DOM NA G\u00d3RCE U nas jest z g\u00f3rki!\u201eDom na g\u00f3rce\u201d \u2013 jak sama nazwa wskazuje \u2013 znajduje si\u0119na wzniesieniu, w\u015br\u00f3d \u0142\u0105k i las\u00f3w, z dala od g\u0142\u00f3wnej, ruchliwej DK 49.Prowadzi do niego utrzymywana w dobrym stanie droga. Okolicaoferuje bardzo liczne atrakcje \u2013 zar\u00f3wnow okresie letnim, jak i zimowym. Opinie WYPOCZYNEK Ka\u017cdy&hellip; <br \/> <a class=\"read-more\" href=\"https:\/\/domnagorce.eu\/\">Dowiedz si\u0119 wi\u0119cej<\/a><\/p>\n","protected":false},"author":1,"featured_media":0,"parent":0,"menu_order":0,"comment_status":"closed","ping_status":"closed","template":"page-templates\/homepage.php","meta":{"footnotes":""},"class_list":["post-6","page","type-page","status-publish","hentry"],"_links":{"self":[{"href":"https:\/\/domnagorce.eu\/index.php\/wp-json\/wp\/v2\/pages\/6","targetHints":{"allow":["GET"]}}],"collection":[{"href":"https:\/\/domnagorce.eu\/index.php\/wp-json\/wp\/v2\/pages"}],"about":[{"href":"https:\/\/domnagorce.eu\/index.php\/wp-json\/wp\/v2\/types\/page"}],"author":[{"embeddable":true,"href":"https:\/\/domnagorce.eu\/index.php\/wp-json\/wp\/v2\/users\/1"}],"replies":[{"embeddable":true,"href":"https:\/\/domnagorce.eu\/index.php\/wp-json\/wp\/v2\/comments?post=6"}],"version-history":[{"count":87,"href":"https:\/\/domnagorce.eu\/index.php\/wp-json\/wp\/v2\/pages\/6\/revisions"}],"predecessor-version":[{"id":681,"href":"https:\/\/domnagorce.eu\/index.php\/wp-json\/wp\/v2\/pages\/6\/revisions\/681"}],"wp:attachment":[{"href":"https:\/\/domnagorce.eu\/index.php\/wp-json\/wp\/v2\/media?parent=6"}],"curies":[{"name":"wp","href":"https:\/\/api.w.org\/{rel}","templated":true}]}}