{"id":566,"date":"2025-10-01T21:05:40","date_gmt":"2025-10-01T19:05:40","guid":{"rendered":"https:\/\/domnagorce.eu\/?page_id=566"},"modified":"2025-10-01T21:36:21","modified_gmt":"2025-10-01T19:36:21","slug":"oferta-zimowa","status":"publish","type":"page","link":"https:\/\/domnagorce.eu\/index.php\/oferta-zimowa\/","title":{"rendered":"oferta zimowa"},"content":{"rendered":"\t\t<div data-elementor-type=\"wp-page\" data-elementor-id=\"566\" class=\"elementor elementor-566\">\n\t\t\t\t\t\t\t<div class=\"elementor-element elementor-element-05e1823 e-flex e-con-boxed e-con e-parent\" data-id=\"05e1823\" data-element_type=\"container\" data-settings=\"{&quot;content_width&quot;:&quot;boxed&quot;}\" data-core-v316-plus=\"true\">\n\t\t\t\t\t<div class=\"e-con-inner\">\n\t\t<div class=\"elementor-element elementor-element-e153f56 e-con-full e-flex e-con e-child\" data-id=\"e153f56\" data-element_type=\"container\" data-settings=\"{&quot;content_width&quot;:&quot;full&quot;}\">\n\t\t<div class=\"elementor-element elementor-element-5bf6f03 e-flex e-con-boxed e-con e-child\" data-id=\"5bf6f03\" data-element_type=\"container\" data-settings=\"{&quot;content_width&quot;:&quot;boxed&quot;}\">\n\t\t\t\t\t<div class=\"e-con-inner\">\n\t\t\t\t<div class=\"elementor-element elementor-element-1f7efba elementor-widget elementor-widget-heading\" data-id=\"1f7efba\" data-element_type=\"widget\" data-widget_type=\"heading.default\">\n\t\t\t\t<div class=\"elementor-widget-container\">\n\t\t\t<style>\/*! elementor - v3.18.0 - 20-12-2023 *\/\n.elementor-heading-title{padding:0;margin:0;line-height:1}.elementor-widget-heading .elementor-heading-title[class*=elementor-size-]>a{color:inherit;font-size:inherit;line-height:inherit}.elementor-widget-heading .elementor-heading-title.elementor-size-small{font-size:15px}.elementor-widget-heading .elementor-heading-title.elementor-size-medium{font-size:19px}.elementor-widget-heading .elementor-heading-title.elementor-size-large{font-size:29px}.elementor-widget-heading .elementor-heading-title.elementor-size-xl{font-size:39px}.elementor-widget-heading .elementor-heading-title.elementor-size-xxl{font-size:59px}<\/style><h3 class=\"elementor-heading-title elementor-size-default\">Bo\u017ce Narodzenie - od 23 grudnia do 28 grudnia - 1000 z\u0142\/doba\n<\/h3>\t\t<\/div>\n\t\t\t\t<\/div>\n\t\t\t\t<div class=\"elementor-element elementor-element-47cc074 elementor-widget elementor-widget-heading\" data-id=\"47cc074\" data-element_type=\"widget\" data-widget_type=\"heading.default\">\n\t\t\t\t<div class=\"elementor-widget-container\">\n\t\t\t<h3 class=\"elementor-heading-title elementor-size-default\">Ferie zimowe - od 19 stycznia do 1 marca - 900 z\u0142\/doba\n<div><span style=\"font-size: 1.5rem;\"><\/span><\/div><\/h3>\t\t<\/div>\n\t\t\t\t<\/div>\n\t\t\t\t<div class=\"elementor-element elementor-element-30a2167 elementor-widget elementor-widget-heading\" data-id=\"30a2167\" data-element_type=\"widget\" data-widget_type=\"heading.default\">\n\t\t\t\t<div class=\"elementor-widget-container\">\n\t\t\t<h3 class=\"elementor-heading-title elementor-size-default\">Sylwester - od 29 grudnia do 2 stycznia - 1200 z\u0142\/doba\n<div><br><\/div><\/h3>\t\t<\/div>\n\t\t\t\t<\/div>\n\t\t\t\t\t<\/div>\n\t\t\t\t<\/div>\n\t\t<div class=\"elementor-element elementor-element-06850b4 e-flex e-con-boxed e-con e-child\" data-id=\"06850b4\" data-element_type=\"container\" data-settings=\"{&quot;content_width&quot;:&quot;boxed&quot;}\">\n\t\t\t\t\t<div class=\"e-con-inner\">\n\t\t\t\t<div class=\"elementor-element elementor-element-b270a05 elementor-widget elementor-widget-heading\" data-id=\"b270a05\" data-element_type=\"widget\" data-widget_type=\"heading.default\">\n\t\t\t\t<div class=\"elementor-widget-container\">\n\t\t\t<h3 class=\"elementor-heading-title elementor-size-default\">*Podane ceny uwzgl\u0119dniaj\u0105 nocleg za dob\u0119 dla 10 os\u00f3b\n<div><span style=\"font-size: 1.5rem;\"><\/span><\/div><\/h3>\t\t<\/div>\n\t\t\t\t<\/div>\n\t\t\t\t\t<\/div>\n\t\t\t\t<\/div>\n\t\t\t\t<\/div>\n\t\t<div class=\"elementor-element elementor-element-47662f4 e-con-full e-flex e-con e-child\" data-id=\"47662f4\" data-element_type=\"container\" data-settings=\"{&quot;content_width&quot;:&quot;full&quot;}\">\n\t\t\t\t<div class=\"elementor-element elementor-element-ea74979 elementor-widget elementor-widget-image\" data-id=\"ea74979\" data-element_type=\"widget\" data-widget_type=\"image.default\">\n\t\t\t\t<div class=\"elementor-widget-container\">\n\t\t\t<style>\/*! elementor - v3.18.0 - 20-12-2023 *\/\n.elementor-widget-image{text-align:center}.elementor-widget-image a{display:inline-block}.elementor-widget-image a img[src$=\".svg\"]{width:48px}.elementor-widget-image img{vertical-align:middle;display:inline-block}<\/style>\t\t\t\t\t\t\t\t\t\t\t\t<img fetchpriority=\"high\" decoding=\"async\" width=\"1024\" height=\"682\" src=\"https:\/\/domnagorce.eu\/wp-content\/uploads\/2025\/10\/cropped-330443252_1315860548991494_1507863632813646457_n-1024x682.jpg\" class=\"attachment-large size-large wp-image-481\" alt=\"\" srcset=\"https:\/\/domnagorce.eu\/wp-content\/uploads\/2025\/10\/cropped-330443252_1315860548991494_1507863632813646457_n-1024x682.jpg 1024w, https:\/\/domnagorce.eu\/wp-content\/uploads\/2025\/10\/cropped-330443252_1315860548991494_1507863632813646457_n-300x200.jpg 300w, https:\/\/domnagorce.eu\/wp-content\/uploads\/2025\/10\/cropped-330443252_1315860548991494_1507863632813646457_n-768x511.jpg 768w, https:\/\/domnagorce.eu\/wp-content\/uploads\/2025\/10\/cropped-330443252_1315860548991494_1507863632813646457_n-1536x1022.jpg 1536w, https:\/\/domnagorce.eu\/wp-content\/uploads\/2025\/10\/cropped-330443252_1315860548991494_1507863632813646457_n-1623x1080.jpg 1623w, https:\/\/domnagorce.eu\/wp-content\/uploads\/2025\/10\/cropped-330443252_1315860548991494_1507863632813646457_n.jpg 2048w\" sizes=\"(max-width: 1024px) 100vw, 1024px\" \/>\t\t\t\t\t\t\t\t\t\t\t\t\t\t\t<\/div>\n\t\t\t\t<\/div>\n\t\t\t\t<\/div>\n\t\t\t\t\t<\/div>\n\t\t\t\t<\/div>\n\t\t<div class=\"elementor-element elementor-element-80d1430 e-flex e-con-boxed e-con e-parent\" data-id=\"80d1430\" data-element_type=\"container\" data-settings=\"{&quot;content_width&quot;:&quot;boxed&quot;}\" data-core-v316-plus=\"true\">\n\t\t\t\t\t<div class=\"e-con-inner\">\n\t\t\t\t<div class=\"elementor-element elementor-element-153b4dc elementor-widget elementor-widget-html\" data-id=\"153b4dc\" data-element_type=\"widget\" data-widget_type=\"html.default\">\n\t\t\t\t<div class=\"elementor-widget-container\">\n\t\t\t<button type=\"button\" onclick=\"window.location.href='https:\/\/domnagorce.eu\/#offer'\" style=\"background-color:#ff9800;color:#fff;border:none;padding:20px 40px;border-radius:8px;cursor:pointer;font-size:16px;\">Powr\u00f3t<\/button>\t\t<\/div>\n\t\t\t\t<\/div>\n\t\t\t\t\t<\/div>\n\t\t\t\t<\/div>\n\t\t\t\t\t\t\t<\/div>\n\t\t","protected":false},"excerpt":{"rendered":"<p>Bo\u017ce Narodzenie &#8211; od 23 grudnia do 28 grudnia &#8211; 1000 z\u0142\/doba Ferie zimowe &#8211; od 19 stycznia do 1 marca &#8211; 900 z\u0142\/doba Sylwester &#8211; od 29 grudnia do 2 stycznia &#8211; 1200 z\u0142\/doba *Podane ceny uwzgl\u0119dniaj\u0105 nocleg za dob\u0119 dla 10 os\u00f3b Powr\u00f3t<\/p>\n","protected":false},"author":1,"featured_media":0,"parent":0,"menu_order":0,"comment_status":"closed","ping_status":"closed","template":"","meta":{"footnotes":""},"class_list":["post-566","page","type-page","status-publish","hentry"],"_links":{"self":[{"href":"https:\/\/domnagorce.eu\/index.php\/wp-json\/wp\/v2\/pages\/566","targetHints":{"allow":["GET"]}}],"collection":[{"href":"https:\/\/domnagorce.eu\/index.php\/wp-json\/wp\/v2\/pages"}],"about":[{"href":"https:\/\/domnagorce.eu\/index.php\/wp-json\/wp\/v2\/types\/page"}],"author":[{"embeddable":true,"href":"https:\/\/domnagorce.eu\/index.php\/wp-json\/wp\/v2\/users\/1"}],"replies":[{"embeddable":true,"href":"https:\/\/domnagorce.eu\/index.php\/wp-json\/wp\/v2\/comments?post=566"}],"version-history":[{"count":7,"href":"https:\/\/domnagorce.eu\/index.php\/wp-json\/wp\/v2\/pages\/566\/revisions"}],"predecessor-version":[{"id":601,"href":"https:\/\/domnagorce.eu\/index.php\/wp-json\/wp\/v2\/pages\/566\/revisions\/601"}],"wp:attachment":[{"href":"https:\/\/domnagorce.eu\/index.php\/wp-json\/wp\/v2\/media?parent=566"}],"curies":[{"name":"wp","href":"https:\/\/api.w.org\/{rel}","templated":true}]}}