{"id":558,"date":"2025-10-01T20:54:34","date_gmt":"2025-10-01T18:54:34","guid":{"rendered":"https:\/\/domnagorce.eu\/?page_id=558"},"modified":"2026-03-08T11:05:38","modified_gmt":"2026-03-08T10:05:38","slug":"oferta-letnia","status":"publish","type":"page","link":"https:\/\/domnagorce.eu\/index.php\/oferta-letnia\/","title":{"rendered":"oferta letnia"},"content":{"rendered":"\t\t<div data-elementor-type=\"wp-page\" data-elementor-id=\"558\" class=\"elementor elementor-558\">\n\t\t\t\t\t\t\t<div class=\"elementor-element elementor-element-4369853 e-flex e-con-boxed e-con e-parent\" data-id=\"4369853\" data-element_type=\"container\" data-settings=\"{&quot;content_width&quot;:&quot;boxed&quot;}\" data-core-v316-plus=\"true\">\n\t\t\t\t\t<div class=\"e-con-inner\">\n\t\t<div class=\"elementor-element elementor-element-ca4184b e-con-full e-flex e-con e-child\" data-id=\"ca4184b\" data-element_type=\"container\" data-settings=\"{&quot;content_width&quot;:&quot;full&quot;}\">\n\t\t\t\t<div class=\"elementor-element elementor-element-39b20d3 elementor-widget elementor-widget-image\" data-id=\"39b20d3\" data-element_type=\"widget\" data-widget_type=\"image.default\">\n\t\t\t\t<div class=\"elementor-widget-container\">\n\t\t\t<style>\/*! elementor - v3.18.0 - 20-12-2023 *\/\n.elementor-widget-image{text-align:center}.elementor-widget-image a{display:inline-block}.elementor-widget-image a img[src$=\".svg\"]{width:48px}.elementor-widget-image img{vertical-align:middle;display:inline-block}<\/style>\t\t\t\t\t\t\t\t\t\t\t\t<img fetchpriority=\"high\" decoding=\"async\" width=\"1024\" height=\"683\" src=\"https:\/\/domnagorce.eu\/wp-content\/uploads\/2025\/10\/08-1024x683.jpg\" class=\"attachment-large size-large wp-image-560\" alt=\"\" srcset=\"https:\/\/domnagorce.eu\/wp-content\/uploads\/2025\/10\/08-1024x683.jpg 1024w, https:\/\/domnagorce.eu\/wp-content\/uploads\/2025\/10\/08-300x200.jpg 300w, https:\/\/domnagorce.eu\/wp-content\/uploads\/2025\/10\/08-768x512.jpg 768w, https:\/\/domnagorce.eu\/wp-content\/uploads\/2025\/10\/08.jpg 1300w\" sizes=\"(max-width: 1024px) 100vw, 1024px\" \/>\t\t\t\t\t\t\t\t\t\t\t\t\t\t\t<\/div>\n\t\t\t\t<\/div>\n\t\t\t\t<\/div>\n\t\t<div class=\"elementor-element elementor-element-a463e85 e-con-full e-flex e-con e-child\" data-id=\"a463e85\" data-element_type=\"container\" data-settings=\"{&quot;content_width&quot;:&quot;full&quot;}\">\n\t\t<div class=\"elementor-element elementor-element-88d1c1c e-flex e-con-boxed e-con e-child\" data-id=\"88d1c1c\" data-element_type=\"container\" data-settings=\"{&quot;content_width&quot;:&quot;boxed&quot;}\">\n\t\t\t\t\t<div class=\"e-con-inner\">\n\t\t\t\t<div class=\"elementor-element elementor-element-df2f7b6 elementor-widget elementor-widget-heading\" data-id=\"df2f7b6\" data-element_type=\"widget\" data-widget_type=\"heading.default\">\n\t\t\t\t<div class=\"elementor-widget-container\">\n\t\t\t<style>\/*! elementor - v3.18.0 - 20-12-2023 *\/\n.elementor-heading-title{padding:0;margin:0;line-height:1}.elementor-widget-heading .elementor-heading-title[class*=elementor-size-]>a{color:inherit;font-size:inherit;line-height:inherit}.elementor-widget-heading .elementor-heading-title.elementor-size-small{font-size:15px}.elementor-widget-heading .elementor-heading-title.elementor-size-medium{font-size:19px}.elementor-widget-heading .elementor-heading-title.elementor-size-large{font-size:29px}.elementor-widget-heading .elementor-heading-title.elementor-size-xl{font-size:39px}.elementor-widget-heading .elementor-heading-title.elementor-size-xxl{font-size:59px}<\/style><h3 class=\"elementor-heading-title elementor-size-default\">Wielkanoc - od 02 kwietnia do 06 kwietnia - 900 z\u0142\/doba\n<\/h3>\t\t<\/div>\n\t\t\t\t<\/div>\n\t\t\t\t<div class=\"elementor-element elementor-element-08ce355 elementor-widget elementor-widget-heading\" data-id=\"08ce355\" data-element_type=\"widget\" data-widget_type=\"heading.default\">\n\t\t\t\t<div class=\"elementor-widget-container\">\n\t\t\t<h3 class=\"elementor-heading-title elementor-size-default\">Maj\u00f3wka - od 30 kwietnia do 4 maja - 900 z\u0142\/doba<\/h3>\t\t<\/div>\n\t\t\t\t<\/div>\n\t\t\t\t\t<\/div>\n\t\t\t\t<\/div>\n\t\t<div class=\"elementor-element elementor-element-fc944ba e-flex e-con-boxed e-con e-child\" data-id=\"fc944ba\" data-element_type=\"container\" data-settings=\"{&quot;content_width&quot;:&quot;boxed&quot;}\">\n\t\t\t\t\t<div class=\"e-con-inner\">\n\t\t\t\t<div class=\"elementor-element elementor-element-7c668eb elementor-widget elementor-widget-heading\" data-id=\"7c668eb\" data-element_type=\"widget\" data-widget_type=\"heading.default\">\n\t\t\t\t<div class=\"elementor-widget-container\">\n\t\t\t<h3 class=\"elementor-heading-title elementor-size-default\">Wakacje - od 27 czerwca do 31 sierpnia - 850 z\u0142\/doba\n<\/h3>\t\t<\/div>\n\t\t\t\t<\/div>\n\t\t\t\t\t<\/div>\n\t\t\t\t<\/div>\n\t\t\t\t<div class=\"elementor-element elementor-element-acccb41 elementor-widget elementor-widget-heading\" data-id=\"acccb41\" data-element_type=\"widget\" data-widget_type=\"heading.default\">\n\t\t\t\t<div class=\"elementor-widget-container\">\n\t\t\t<h3 class=\"elementor-heading-title elementor-size-default\">*Podane ceny uwzgl\u0119dniaj\u0105 nocleg za dob\u0119 dla 10 os\u00f3b.\n<\/h3>\t\t<\/div>\n\t\t\t\t<\/div>\n\t\t\t\t<\/div>\n\t\t\t\t\t<\/div>\n\t\t\t\t<\/div>\n\t\t<div class=\"elementor-element elementor-element-7359275 e-flex e-con-boxed e-con e-parent\" data-id=\"7359275\" data-element_type=\"container\" data-settings=\"{&quot;content_width&quot;:&quot;boxed&quot;}\" data-core-v316-plus=\"true\">\n\t\t\t\t\t<div class=\"e-con-inner\">\n\t\t\t\t<div class=\"elementor-element elementor-element-55d30a6 elementor-widget elementor-widget-html\" data-id=\"55d30a6\" data-element_type=\"widget\" data-widget_type=\"html.default\">\n\t\t\t\t<div class=\"elementor-widget-container\">\n\t\t\t<button type=\"button\" onclick=\"window.location.href='https:\/\/domnagorce.eu\/#offer'\" style=\"background-color:#ff9800;color:#fff;border:none;padding:20px 40px;border-radius:8px;cursor:pointer;font-size:16px;\">Powr\u00f3t<\/button>\r\n\t\t<\/div>\n\t\t\t\t<\/div>\n\t\t\t\t\t<\/div>\n\t\t\t\t<\/div>\n\t\t\t\t\t\t\t<\/div>\n\t\t","protected":false},"excerpt":{"rendered":"<p>Wielkanoc &#8211; od 02 kwietnia do 06 kwietnia &#8211; 900 z\u0142\/doba Maj\u00f3wka &#8211; od 30 kwietnia do 4 maja &#8211; 900 z\u0142\/doba Wakacje &#8211; od 27 czerwca do 31 sierpnia &#8211; 850 z\u0142\/doba *Podane ceny uwzgl\u0119dniaj\u0105 nocleg za dob\u0119 dla 10 os\u00f3b. Powr\u00f3t<\/p>\n","protected":false},"author":1,"featured_media":0,"parent":0,"menu_order":0,"comment_status":"closed","ping_status":"closed","template":"","meta":{"footnotes":""},"class_list":["post-558","page","type-page","status-publish","hentry"],"_links":{"self":[{"href":"https:\/\/domnagorce.eu\/index.php\/wp-json\/wp\/v2\/pages\/558","targetHints":{"allow":["GET"]}}],"collection":[{"href":"https:\/\/domnagorce.eu\/index.php\/wp-json\/wp\/v2\/pages"}],"about":[{"href":"https:\/\/domnagorce.eu\/index.php\/wp-json\/wp\/v2\/types\/page"}],"author":[{"embeddable":true,"href":"https:\/\/domnagorce.eu\/index.php\/wp-json\/wp\/v2\/users\/1"}],"replies":[{"embeddable":true,"href":"https:\/\/domnagorce.eu\/index.php\/wp-json\/wp\/v2\/comments?post=558"}],"version-history":[{"count":19,"href":"https:\/\/domnagorce.eu\/index.php\/wp-json\/wp\/v2\/pages\/558\/revisions"}],"predecessor-version":[{"id":701,"href":"https:\/\/domnagorce.eu\/index.php\/wp-json\/wp\/v2\/pages\/558\/revisions\/701"}],"wp:attachment":[{"href":"https:\/\/domnagorce.eu\/index.php\/wp-json\/wp\/v2\/media?parent=558"}],"curies":[{"name":"wp","href":"https:\/\/api.w.org\/{rel}","templated":true}]}}