{"id":212,"date":"2022-07-20T07:42:15","date_gmt":"2022-07-20T05:42:15","guid":{"rendered":"https:\/\/domnagorce.eu\/?page_id=212"},"modified":"2022-07-20T07:48:44","modified_gmt":"2022-07-20T05:48:44","slug":"opinie","status":"publish","type":"page","link":"https:\/\/domnagorce.eu\/index.php\/opinie\/","title":{"rendered":"Opinie"},"content":{"rendered":"\n<h3 class=\"has-text-align-center wp-block-heading\"><strong>Twoja opinia jest dla nas bardzo wa\u017cna.   \ud83d\ude42<\/strong><\/h3>\n\n\n\n<h3 class=\"has-text-align-center wp-block-heading\"><strong>Zostaw j\u0105, a na pewno pomo\u017ce komu\u015b podj\u0105\u0107 decyzj\u0119 o wypoczynku w naszym Domku. <\/strong><\/h3>\n\n\n\n<br>\n\n\n\n<h3 class=\"has-text-align-center wp-block-heading\"><strong>Pozdrawiamy!<\/strong><\/h3>\n","protected":false},"excerpt":{"rendered":"<p>Twoja opinia jest dla nas bardzo wa\u017cna. \ud83d\ude42 Zostaw j\u0105, a na pewno pomo\u017ce komu\u015b podj\u0105\u0107 decyzj\u0119 o wypoczynku w naszym Domku. Pozdrawiamy!<\/p>\n","protected":false},"author":2,"featured_media":0,"parent":0,"menu_order":0,"comment_status":"open","ping_status":"closed","template":"","meta":{"footnotes":""},"class_list":["post-212","page","type-page","status-publish","hentry"],"_links":{"self":[{"href":"https:\/\/domnagorce.eu\/index.php\/wp-json\/wp\/v2\/pages\/212","targetHints":{"allow":["GET"]}}],"collection":[{"href":"https:\/\/domnagorce.eu\/index.php\/wp-json\/wp\/v2\/pages"}],"about":[{"href":"https:\/\/domnagorce.eu\/index.php\/wp-json\/wp\/v2\/types\/page"}],"author":[{"embeddable":true,"href":"https:\/\/domnagorce.eu\/index.php\/wp-json\/wp\/v2\/users\/2"}],"replies":[{"embeddable":true,"href":"https:\/\/domnagorce.eu\/index.php\/wp-json\/wp\/v2\/comments?post=212"}],"version-history":[{"count":9,"href":"https:\/\/domnagorce.eu\/index.php\/wp-json\/wp\/v2\/pages\/212\/revisions"}],"predecessor-version":[{"id":224,"href":"https:\/\/domnagorce.eu\/index.php\/wp-json\/wp\/v2\/pages\/212\/revisions\/224"}],"wp:attachment":[{"href":"https:\/\/domnagorce.eu\/index.php\/wp-json\/wp\/v2\/media?parent=212"}],"curies":[{"name":"wp","href":"https:\/\/api.w.org\/{rel}","templated":true}]}}